{"id":9,"date":"2016-01-10T01:17:50","date_gmt":"2016-01-10T00:17:50","guid":{"rendered":"https:\/\/laburnum.de\/Arnim-Spengler\/?page_id=9"},"modified":"2018-07-08T08:37:06","modified_gmt":"2018-07-08T06:37:06","slug":"arnim-j-spengler","status":"publish","type":"page","link":"https:\/\/laburnum.de\/Arnim-Spengler\/?page_id=9","title":{"rendered":"Arnim J. Spengler"},"content":{"rendered":"<p>Dieses ist das private Blog von Arnim Spengler. Um sich einen \u00dcberblick \u00fcber mich und den hier ver\u00f6ffentlichen Beitr\u00e4gen zu verschaffen und eine Meinung zu bilden stelle ich mich kurz vor:<\/p>\n<p>Ich studierte Bauingenieurwesen zuerst an der FH M\u00fcnster und sp\u00e4ter in einem Aufbaustudium an der Universit\u00e4t Duisburg-Essen. 6 Jahre lang konnte ich Erfahrungen in der Programmierung und Computer Soft- und Hardware sammeln daraufhin, in einem kleinen mittelst\u00e4ndischen Bauunternehmen in der Bau- und Unternehmensleitung arbeiten. Seit mehreren Jahren arbeite ich an F&amp;E Projekten in den Bereichen Bauwesen, Energieeffizienz, Unternehmensf\u00fchrung und modernen Technologien (digitales Bauen (Schlagwort BIM), K\u00fcnstliche Intelligenz und Robotereinsatz) und deren Nutzen und Auswirkungen im Bauwesen.<\/p>\n","protected":false},"excerpt":{"rendered":"<p>Dieses ist das private Blog von Arnim Spengler. Um sich einen \u00dcberblick \u00fcber mich und den hier ver\u00f6ffentlichen Beitr\u00e4gen zu verschaffen und eine Meinung zu bilden stelle ich mich kurz vor: Ich studierte Bauingenieurwesen zuerst an der FH M\u00fcnster und sp\u00e4ter in einem Aufbaustudium an der Universit\u00e4t Duisburg-Essen. 6 Jahre lang konnte ich Erfahrungen in &hellip; <a href=\"https:\/\/laburnum.de\/Arnim-Spengler\/?page_id=9\" class=\"more-link\"><span class=\"screen-reader-text\">Arnim J. Spengler<\/span> weiterlesen<\/a><\/p>\n","protected":false},"author":1,"featured_media":0,"parent":0,"menu_order":0,"comment_status":"closed","ping_status":"closed","template":"","meta":[],"_links":{"self":[{"href":"https:\/\/laburnum.de\/Arnim-Spengler\/index.php?rest_route=\/wp\/v2\/pages\/9"}],"collection":[{"href":"https:\/\/laburnum.de\/Arnim-Spengler\/index.php?rest_route=\/wp\/v2\/pages"}],"about":[{"href":"https:\/\/laburnum.de\/Arnim-Spengler\/index.php?rest_route=\/wp\/v2\/types\/page"}],"author":[{"embeddable":true,"href":"https:\/\/laburnum.de\/Arnim-Spengler\/index.php?rest_route=\/wp\/v2\/users\/1"}],"replies":[{"embeddable":true,"href":"https:\/\/laburnum.de\/Arnim-Spengler\/index.php?rest_route=%2Fwp%2Fv2%2Fcomments&post=9"}],"version-history":[{"count":3,"href":"https:\/\/laburnum.de\/Arnim-Spengler\/index.php?rest_route=\/wp\/v2\/pages\/9\/revisions"}],"predecessor-version":[{"id":269,"href":"https:\/\/laburnum.de\/Arnim-Spengler\/index.php?rest_route=\/wp\/v2\/pages\/9\/revisions\/269"}],"wp:attachment":[{"href":"https:\/\/laburnum.de\/Arnim-Spengler\/index.php?rest_route=%2Fwp%2Fv2%2Fmedia&parent=9"}],"curies":[{"name":"wp","href":"https:\/\/api.w.org\/{rel}","templated":true}]}}